{"id":29,"date":"2018-11-27T14:37:05","date_gmt":"2018-11-27T13:37:05","guid":{"rendered":"http:\/\/radio.tms-od.de\/wp-snapshots\/?page_id=29"},"modified":"2019-09-10T13:35:55","modified_gmt":"2019-09-10T11:35:55","slug":"wir-ueber-uns","status":"publish","type":"page","link":"https:\/\/radio.tms-od.de\/index.php\/wir-ueber-uns\/","title":{"rendered":"Wir \u00fcber uns"},"content":{"rendered":"\n<p class=\"wp-block-paragraph\">Geschrieben von Mommsen FM. \t\t\t\t\t\t\t<\/p>\n\n\n\n<figure class=\"wp-block-image\"><img fetchpriority=\"high\" decoding=\"async\" width=\"1024\" height=\"768\" src=\"http:\/\/radio.tms-od.de\/wp-snapshots\/wp-content\/uploads\/2019\/02\/MFM_LeavAcken_2-1024x768.jpg\" alt=\"\" class=\"wp-image-212\" srcset=\"https:\/\/radio.tms-od.de\/wp-content\/uploads\/2019\/02\/MFM_LeavAcken_2-1024x768.jpg 1024w, https:\/\/radio.tms-od.de\/wp-content\/uploads\/2019\/02\/MFM_LeavAcken_2-300x225.jpg 300w, https:\/\/radio.tms-od.de\/wp-content\/uploads\/2019\/02\/MFM_LeavAcken_2-768x576.jpg 768w\" sizes=\"(max-width: 767px) 89vw, (max-width: 1000px) 54vw, (max-width: 1071px) 543px, 580px\" \/><figcaption> Chiara M\u00fcller, Lea van Acken, Lucy Nicholas,\u00a0(von links nach rechts) <\/figcaption><\/figure>\n\n\n\n<p class=\"wp-block-paragraph\">Das Team von Mommsen-FM (&#8222;Dein junges Radio Bad Oldesloe&#8220;) besteht \nseit Januar 2014. Derzeit gestalten neun Sch\u00fcler\/-innen und ein Lehrer \neinmal im Monat eine einst\u00fcndige Radio-Sendung, die auf dem Offenen \nKanal L\u00fcbeck ausgestrahlt wird. Gegr\u00fcndet wurde der Sender im Rahmen \neiner Radio-AG, die von Lehrer und Radioleiter Christian Greten \ninitiiert wurden.<br>Erstmals kam das MFM-Team im Januar 2014 zusammen \nund suchte zun\u00e4chst nach einem passenden Namen: Nachdem viele kreative \nIdeen diskutiert worden waren, entschied man sich f\u00fcr &#8222;MommsenFM &#8211; Dein \njunges Radio Bad Oldesloe&#8220; kurz &#8222;MFM&#8220;. Die erste Sendung von MommsenFM \nwurde am 22. September 2014 live auf UKW 98,8 und im Internetstream \nausgestrahlt.<\/p>\n\n\n\n<p class=\"wp-block-paragraph\">Bis dahin hatte das erst 10-k\u00f6pfige Team Sendeabl\u00e4ufe geprobt, am Soundprofil von MFM gearbeitet und schlie\u00dflich im August 2014 das schuleigene Sendestudio in der Theodor-Mommsen-Schule Bad Oldesloe eingerichtet. Dabei erhielt und erh\u00e4lt das junge Radio-Team technische und finanzielle Unterst\u00fctzung von der Schule sowie vom Offenen Kanal L\u00fcbeck, der die Sendebox als Dauerleihgabe beisteuert(e).<br><br>&#8230; Und was bei der regelm\u00e4\u00dfigen Arbeit im Studio so herauskommt, h\u00f6rt Ihr jeden letzten Montag im Monat, live um 16 Uhr auf UKW 98,8 und im Live-Stream auf dieser Website, von unseren , jetzt, 10 Mitgliedern dieser Arbeitsgruppe.<\/p>\n\n\n\n<p class=\"wp-block-paragraph\">&nbsp;<\/p>\n\n\n\n<p class=\"has-medium-font-size wp-block-paragraph\">Und deshalb, wenn du Lust hast&#8230;<br><\/p>\n\n\n\n<p class=\"wp-block-paragraph\">\u2026 selbst einmal live im Studio zu stehen und eine eigene Radiosendung zu gestalten,<\/p>\n\n\n\n<p class=\"wp-block-paragraph\">\u2026 Interviews, Reportagen und News vorzubereiten und sie im Radio zu pr\u00e4sentieren,<\/p>\n\n\n\n<p class=\"wp-block-paragraph\">\u2026 auf \u201eRadiomachen\u201c und bist begeisterungsf\u00e4hig, auch wenn die Radioarbeit viel Zeit in Anspruch nimmt,<\/p>\n\n\n\n<p class=\"wp-block-paragraph\">Dann bist du bei uns genau richtig! Wir wollen dich!<\/p>\n\n\n\n<p class=\"wp-block-paragraph\">Bewirb dich als Redakteur, Techniker und \/oder Moderator bei uns.<\/p>\n\n\n\n<p class=\"wp-block-paragraph\">Sende uns einfach eine Mail an <a href=\"mailto:redaktion@mommsenfm.de\">studio@mommsen-fm.de<\/a><\/p>\n\n\n\n<p class=\"wp-block-paragraph\">Oder besuche uns an einem Montag, welcher kein Sendetag ist,<\/p>\n\n\n\n<p class=\"wp-block-paragraph\">einfach um 15 Uhr direkt im Studio des MommsenFM<\/p>\n\n\n\n<p class=\"wp-block-paragraph\">Wir freuen uns auf dich!<\/p>\n","protected":false},"excerpt":{"rendered":"<p>Geschrieben von Mommsen FM. Das Team von Mommsen-FM (&#8222;Dein junges Radio Bad Oldesloe&#8220;) besteht seit Januar 2014. Derzeit gestalten neun Sch\u00fcler\/-innen und ein Lehrer einmal im Monat eine einst\u00fcndige Radio-Sendung, die auf dem Offenen Kanal L\u00fcbeck ausgestrahlt wird. Gegr\u00fcndet wurde der Sender im Rahmen einer Radio-AG, die von Lehrer und Radioleiter Christian Greten initiiert wurden.Erstmals &hellip; <\/p>\n<p class=\"link-more\"><a href=\"https:\/\/radio.tms-od.de\/index.php\/wir-ueber-uns\/\" class=\"more-link\"><span class=\"screen-reader-text\">\u201eWir \u00fcber uns\u201c<\/span> weiterlesen<\/a><\/p>\n","protected":false},"author":1,"featured_media":0,"parent":0,"menu_order":0,"comment_status":"closed","ping_status":"closed","template":"","meta":{"_crdt_document":"","ngg_post_thumbnail":0,"footnotes":""},"class_list":["post-29","page","type-page","status-publish","hentry"],"_links":{"self":[{"href":"https:\/\/radio.tms-od.de\/index.php\/wp-json\/wp\/v2\/pages\/29","targetHints":{"allow":["GET"]}}],"collection":[{"href":"https:\/\/radio.tms-od.de\/index.php\/wp-json\/wp\/v2\/pages"}],"about":[{"href":"https:\/\/radio.tms-od.de\/index.php\/wp-json\/wp\/v2\/types\/page"}],"author":[{"embeddable":true,"href":"https:\/\/radio.tms-od.de\/index.php\/wp-json\/wp\/v2\/users\/1"}],"replies":[{"embeddable":true,"href":"https:\/\/radio.tms-od.de\/index.php\/wp-json\/wp\/v2\/comments?post=29"}],"version-history":[{"count":5,"href":"https:\/\/radio.tms-od.de\/index.php\/wp-json\/wp\/v2\/pages\/29\/revisions"}],"predecessor-version":[{"id":343,"href":"https:\/\/radio.tms-od.de\/index.php\/wp-json\/wp\/v2\/pages\/29\/revisions\/343"}],"wp:attachment":[{"href":"https:\/\/radio.tms-od.de\/index.php\/wp-json\/wp\/v2\/media?parent=29"}],"curies":[{"name":"wp","href":"https:\/\/api.w.org\/{rel}","templated":true}]}}