{"id":35,"date":"2018-11-27T14:37:57","date_gmt":"2018-11-27T13:37:57","guid":{"rendered":"http:\/\/radio.tms-od.de\/wp-snapshots\/?page_id=35"},"modified":"2022-05-07T10:45:07","modified_gmt":"2022-05-07T08:45:07","slug":"podcasts","status":"publish","type":"page","link":"https:\/\/radio.tms-od.de\/index.php\/podcasts\/","title":{"rendered":"Podcasts"},"content":{"rendered":"\t\t<div data-elementor-type=\"wp-page\" data-elementor-id=\"35\" class=\"elementor elementor-35\">\n\t\t\t\t\t\t<section class=\"elementor-section elementor-top-section elementor-element elementor-element-25647b9b elementor-section-boxed elementor-section-height-default elementor-section-height-default\" data-id=\"25647b9b\" data-element_type=\"section\" data-e-type=\"section\">\n\t\t\t\t\t\t<div class=\"elementor-container elementor-column-gap-default\">\n\t\t\t\t\t<div class=\"elementor-column elementor-col-100 elementor-top-column elementor-element elementor-element-7381ed63\" data-id=\"7381ed63\" data-element_type=\"column\" data-e-type=\"column\">\n\t\t\t<div class=\"elementor-widget-wrap elementor-element-populated\">\n\t\t\t\t\t\t<div class=\"elementor-element elementor-element-5cbabf3a elementor-widget elementor-widget-text-editor\" data-id=\"5cbabf3a\" data-element_type=\"widget\" data-e-type=\"widget\" data-widget_type=\"text-editor.default\">\n\t\t\t\t<div class=\"elementor-widget-container\">\n\t\t\t\t\t\t\t\t\t<h2><span style=\"font-size: 24pt; color: #000000;\">Podcasts<\/span><\/h2>\n<p>\u00a0<\/p>\n<pre><code>[soundcloud]http:\/\/soundcloud.com\/mommsenfm[\/soundcloud]<\/code><\/pre>\n<p>\u00a0<\/p>\n<p>[sonaar_audioplayer albums=&#8220;425&#8243; show_playlist=&#8220;true&#8220; show_track_market=&#8220;true&#8220; show_album_market=&#8220;true&#8220;][\/sonaar_audioplayer]<\/p>\n<p>Weitere Interviews:<\/p>\n<p>Interview mit Daniel G\u00fcnther Teil 01 (Ministerpr\u00e4sident SH) 2022:<\/p>\n<audio class=\"wp-audio-shortcode\" id=\"audio-35-1\" preload=\"none\" style=\"width: 100%;\" controls=\"controls\"><source type=\"audio\/mpeg\" src=\"http:\/\/radio.tms-od.de\/wp-content\/uploads\/2022\/05\/Interview-Daniel-Guenther-2022-Teil-01-1.mp3?_=1\" \/><a href=\"http:\/\/radio.tms-od.de\/wp-content\/uploads\/2022\/05\/Interview-Daniel-Guenther-2022-Teil-01-1.mp3\">http:\/\/radio.tms-od.de\/wp-content\/uploads\/2022\/05\/Interview-Daniel-Guenther-2022-Teil-01-1.mp3<\/a><\/audio>\n<p>Interview mit Daniel G\u00fcnther Teil 02 (Ministerpr\u00e4sident SH) 2022:<\/p>\n<audio class=\"wp-audio-shortcode\" id=\"audio-35-2\" preload=\"none\" style=\"width: 100%;\" controls=\"controls\"><source type=\"audio\/mpeg\" src=\"http:\/\/radio.tms-od.de\/wp-content\/uploads\/2022\/05\/Interview-Daniel-Guenther-2022-Teil-02-1.mp3?_=2\" \/><a href=\"http:\/\/radio.tms-od.de\/wp-content\/uploads\/2022\/05\/Interview-Daniel-Guenther-2022-Teil-02-1.mp3\">http:\/\/radio.tms-od.de\/wp-content\/uploads\/2022\/05\/Interview-Daniel-Guenther-2022-Teil-02-1.mp3<\/a><\/audio>\n<p><\/p>\n<p>\u00a0<\/p>\n<p><\/p>\t\t\t\t\t\t\t\t<\/div>\n\t\t\t\t<\/div>\n\t\t\t\t\t<\/div>\n\t\t<\/div>\n\t\t\t\t\t<\/div>\n\t\t<\/section>\n\t\t\t\t<\/div>\n\t\t","protected":false},"excerpt":{"rendered":"<p>Podcasts \u00a0 [soundcloud]http:\/\/soundcloud.com\/mommsenfm[\/soundcloud] \u00a0 [sonaar_audioplayer albums=&#8220;425&#8243; show_playlist=&#8220;true&#8220; show_track_market=&#8220;true&#8220; show_album_market=&#8220;true&#8220;][\/sonaar_audioplayer] Weitere Interviews: Interview mit Daniel G\u00fcnther Teil 01 (Ministerpr\u00e4sident SH) 2022: Interview mit Daniel G\u00fcnther Teil 02 (Ministerpr\u00e4sident SH) 2022: \u00a0<\/p>\n","protected":false},"author":1,"featured_media":0,"parent":0,"menu_order":0,"comment_status":"closed","ping_status":"closed","template":"","meta":{"_crdt_document":"","ngg_post_thumbnail":0,"footnotes":""},"class_list":["post-35","page","type-page","status-publish","hentry"],"_links":{"self":[{"href":"https:\/\/radio.tms-od.de\/index.php\/wp-json\/wp\/v2\/pages\/35","targetHints":{"allow":["GET"]}}],"collection":[{"href":"https:\/\/radio.tms-od.de\/index.php\/wp-json\/wp\/v2\/pages"}],"about":[{"href":"https:\/\/radio.tms-od.de\/index.php\/wp-json\/wp\/v2\/types\/page"}],"author":[{"embeddable":true,"href":"https:\/\/radio.tms-od.de\/index.php\/wp-json\/wp\/v2\/users\/1"}],"replies":[{"embeddable":true,"href":"https:\/\/radio.tms-od.de\/index.php\/wp-json\/wp\/v2\/comments?post=35"}],"version-history":[{"count":27,"href":"https:\/\/radio.tms-od.de\/index.php\/wp-json\/wp\/v2\/pages\/35\/revisions"}],"predecessor-version":[{"id":595,"href":"https:\/\/radio.tms-od.de\/index.php\/wp-json\/wp\/v2\/pages\/35\/revisions\/595"}],"wp:attachment":[{"href":"https:\/\/radio.tms-od.de\/index.php\/wp-json\/wp\/v2\/media?parent=35"}],"curies":[{"name":"wp","href":"https:\/\/api.w.org\/{rel}","templated":true}]}}